{"id":18,"date":"2019-10-28T18:50:16","date_gmt":"2019-10-28T18:50:16","guid":{"rendered":"http:\/\/www.parturikampaamosolina.fi\/?page_id=18"},"modified":"2026-04-21T14:54:45","modified_gmt":"2026-04-21T14:54:45","slug":"yhteystiedot","status":"publish","type":"page","link":"http:\/\/www.parturikampaamosolina.fi\/index.php\/yhteystiedot\/","title":{"rendered":"Yhteystiedot"},"content":{"rendered":"\n<p>Salpaussel\u00e4nkatu 29, 45100 Kouvola<\/p>\n\n\n\n<p>p. 040 528 3608<\/p>\n\n\n\n<p>Rennon rempse\u00e4 parturi-kampaamo Solina sijaitsee aivan Kouvolan keskustan ytimess\u00e4! Kampaamon takana on iso parkki alue, jossa on 4 tunnin parkki. Tervetuloa aivan kaikki meille, teemme juuri sinun toiveiden mukaiset hiukset!<\/p>\n\n\n\n<p><\/p>\n\n\n<div class=\"wp-block-image\">\n<figure class=\"alignright size-large\"><img decoding=\"async\" loading=\"lazy\" width=\"943\" height=\"1024\" src=\"http:\/\/www.parturikampaamosolina.fi\/wp-content\/uploads\/2021\/06\/8AAE6CDA-14CB-44AC-B858-BCD2C32FD550-943x1024.jpeg\" alt=\"\" class=\"wp-image-150\" srcset=\"http:\/\/www.parturikampaamosolina.fi\/wp-content\/uploads\/2021\/06\/8AAE6CDA-14CB-44AC-B858-BCD2C32FD550-943x1024.jpeg 943w, http:\/\/www.parturikampaamosolina.fi\/wp-content\/uploads\/2021\/06\/8AAE6CDA-14CB-44AC-B858-BCD2C32FD550-276x300.jpeg 276w, http:\/\/www.parturikampaamosolina.fi\/wp-content\/uploads\/2021\/06\/8AAE6CDA-14CB-44AC-B858-BCD2C32FD550-768x834.jpeg 768w, http:\/\/www.parturikampaamosolina.fi\/wp-content\/uploads\/2021\/06\/8AAE6CDA-14CB-44AC-B858-BCD2C32FD550.jpeg 1125w\" sizes=\"(max-width: 943px) 100vw, 943px\" \/><\/figure><\/div>\n\n\n<p><\/p>\n\n\n<p><iframe loading=\"lazy\" src=\"https:\/\/www.google.com\/maps\/embed?pb=!1m18!1m12!1m3!1d1942.1922290163614!2d26.704067416127792!3d60.87037288222433!2m3!1f0!2f0!3f0!3m2!1i1024!2i768!4f13.1!3m3!1m2!1s0x4691b2f8c622b951%3A0x22a014688d5ef446!2sSalpaussel%C3%A4nkatu%2029%2C%2045100%20Kouvola!5e0!3m2!1sfi!2sfi!4v1572288027243!5m2!1sfi!2sfi\" width=\"600\" height=\"450\" frameborder=\"0\" style=\"border:0;\" allowfullscreen=\"\"><\/iframe><\/p>\n","protected":false},"excerpt":{"rendered":"<p>Salpaussel\u00e4nkatu 29, 45100 Kouvola p. 040 528 3608 Rennon rempse\u00e4 parturi-kampaamo Solina sijaitsee aivan Kouvolan keskustan ytimess\u00e4! Kampaamon takana on iso parkki alue, jossa on 4 tunnin parkki. Tervetuloa aivan kaikki meille, teemme juuri sinun toiveiden mukaiset hiukset!<\/p>\n","protected":false},"author":1,"featured_media":0,"parent":0,"menu_order":0,"comment_status":"closed","ping_status":"closed","template":"","meta":[],"_links":{"self":[{"href":"http:\/\/www.parturikampaamosolina.fi\/index.php\/wp-json\/wp\/v2\/pages\/18"}],"collection":[{"href":"http:\/\/www.parturikampaamosolina.fi\/index.php\/wp-json\/wp\/v2\/pages"}],"about":[{"href":"http:\/\/www.parturikampaamosolina.fi\/index.php\/wp-json\/wp\/v2\/types\/page"}],"author":[{"embeddable":true,"href":"http:\/\/www.parturikampaamosolina.fi\/index.php\/wp-json\/wp\/v2\/users\/1"}],"replies":[{"embeddable":true,"href":"http:\/\/www.parturikampaamosolina.fi\/index.php\/wp-json\/wp\/v2\/comments?post=18"}],"version-history":[{"count":21,"href":"http:\/\/www.parturikampaamosolina.fi\/index.php\/wp-json\/wp\/v2\/pages\/18\/revisions"}],"predecessor-version":[{"id":211,"href":"http:\/\/www.parturikampaamosolina.fi\/index.php\/wp-json\/wp\/v2\/pages\/18\/revisions\/211"}],"wp:attachment":[{"href":"http:\/\/www.parturikampaamosolina.fi\/index.php\/wp-json\/wp\/v2\/media?parent=18"}],"curies":[{"name":"wp","href":"https:\/\/api.w.org\/{rel}","templated":true}]}}